{"id":1027,"date":"2023-08-26T03:46:45","date_gmt":"2023-08-26T03:46:45","guid":{"rendered":"https:\/\/wp.themerange.net\/oluro\/?page_id=41"},"modified":"2025-11-06T13:31:30","modified_gmt":"2025-11-06T13:31:30","slug":"contact-us","status":"publish","type":"page","link":"https:\/\/hotelcandilejassrenity.com\/index.php\/contact-us\/","title":{"rendered":"Contactanos"},"content":{"rendered":"\t\t<div data-elementor-type=\"wp-page\" data-elementor-id=\"1027\" class=\"elementor elementor-1027\" data-elementor-post-type=\"page\">\n\t\t\t\t\t\t<section class=\"elementor-section elementor-top-section elementor-element elementor-element-eebfe27 elementor-section-full_width elementor-section-height-default elementor-section-height-default\" data-id=\"eebfe27\" data-element_type=\"section\">\n\t\t\t\t\t\t<div class=\"elementor-container elementor-column-gap-default\">\n\t\t\t\t\t<div class=\"elementor-column elementor-col-100 elementor-top-column elementor-element elementor-element-7307c7e\" data-id=\"7307c7e\" data-element_type=\"column\">\n\t\t\t<div class=\"elementor-widget-wrap elementor-element-populated\">\n\t\t\t\t\t\t<div class=\"elementor-element elementor-element-53cdb07 elementor-widget elementor-widget-oluro_contact_info\" data-id=\"53cdb07\" data-element_type=\"widget\" data-widget_type=\"oluro_contact_info.default\">\n\t\t\t\t<div class=\"elementor-widget-container\">\n\t\t\t\t\t    \r\n    <!-- Contact Section -->\r\n    <section class=\"contact-info-section accounts-style2\">\r\n\t\t<div class=\"auto-container\">\r\n\t\t\t            <!-- Sec Title -->\r\n\t\t\t<div class=\"sec-title centered\">\r\n\t\t\t\t<div class=\"title te-subtitle\">HOTEL CANDILEJAS SERENITY<\/div>\t\t\t\t<h2 class=\"te-title\">CONSULTAS GENERALES<\/h2>            <\/div>\r\n            \t\t\t<div class=\"inner-container\">\r\n\t\t\t\t<div class=\"row clearfix\">\r\n\t\t\t\t\t\r\n\t\t\t\t\t                    <!-- Info Column -->\r\n\t\t\t\t\t<div class=\"info-column col-lg-6 col-md-12 col-sm-12\">\r\n\t\t\t\t\t\t<div class=\"inner-column\">\r\n\t\t\t\t\t\t\t<div class=\"content\">\r\n\t\t\t\t\t\t\t\t<div class=\"icon te-icon\">\r\n\t\t\t\t\t\t\t\t                                    <i class=\"flaticon-telephone\"><\/i>                                                                <\/div>\r\n                                <div class=\"tab-text te-author\">Reservacion :  <a href=\"tel:+57-3105971723\">+57 3105971723<\/a><br>\n<\/div>\r\n\t\t\t\t\t\t\t<\/div>\r\n\t\t\t\t\t\t<\/div>\r\n\t\t\t\t\t<\/div>\r\n                                        <!-- Info Column -->\r\n\t\t\t\t\t<div class=\"info-column col-lg-6 col-md-12 col-sm-12\">\r\n\t\t\t\t\t\t<div class=\"inner-column\">\r\n\t\t\t\t\t\t\t<div class=\"content\">\r\n\t\t\t\t\t\t\t\t<div class=\"icon te-icon\">\r\n\t\t\t\t\t\t\t\t                                    <i class=\"flaticon-mail\"><\/i>                                                                <\/div>\r\n                                <div class=\"tab-text te-author\">\nReception : hotelcandilejasserenity@outlook.com<\/div>\r\n\t\t\t\t\t\t\t<\/div>\r\n\t\t\t\t\t\t<\/div>\r\n\t\t\t\t\t<\/div>\r\n                    \t\t\t\t\t\r\n\t\t\t\t<\/div>\r\n\t\t\t<\/div>\r\n\t\t<\/div>\r\n\t<\/section>\r\n\t<!-- End Contact Section -->\r\n    \r\n    \t\t\t\t<\/div>\n\t\t\t\t<\/div>\n\t\t\t\t\t<\/div>\n\t\t<\/div>\n\t\t\t\t\t<\/div>\n\t\t<\/section>\n\t\t\t\t<section class=\"elementor-section elementor-top-section elementor-element elementor-element-42a6654 elementor-section-full_width elementor-section-height-default elementor-section-height-default\" data-id=\"42a6654\" data-element_type=\"section\">\n\t\t\t\t\t\t<div class=\"elementor-container elementor-column-gap-default\">\n\t\t\t\t\t<div class=\"elementor-column elementor-col-100 elementor-top-column elementor-element elementor-element-f48996b\" data-id=\"f48996b\" data-element_type=\"column\">\n\t\t\t<div class=\"elementor-widget-wrap elementor-element-populated\">\n\t\t\t\t\t\t<div class=\"elementor-element elementor-element-fbc20f0 elementor-widget elementor-widget-oluro_form\" data-id=\"fbc20f0\" data-element_type=\"widget\" data-settings=\"{&quot;form_spacing&quot;:{&quot;unit&quot;:&quot;px&quot;,&quot;top&quot;:&quot;&quot;,&quot;right&quot;:&quot;&quot;,&quot;bottom&quot;:&quot;&quot;,&quot;left&quot;:&quot;&quot;,&quot;isLinked&quot;:true},&quot;form_spacing_tablet&quot;:{&quot;unit&quot;:&quot;px&quot;,&quot;top&quot;:&quot;&quot;,&quot;right&quot;:&quot;&quot;,&quot;bottom&quot;:&quot;&quot;,&quot;left&quot;:&quot;&quot;,&quot;isLinked&quot;:true},&quot;form_spacing_mobile&quot;:{&quot;unit&quot;:&quot;px&quot;,&quot;top&quot;:&quot;&quot;,&quot;right&quot;:&quot;&quot;,&quot;bottom&quot;:&quot;&quot;,&quot;left&quot;:&quot;&quot;,&quot;isLinked&quot;:true},&quot;form_padding&quot;:{&quot;unit&quot;:&quot;px&quot;,&quot;top&quot;:&quot;&quot;,&quot;right&quot;:&quot;&quot;,&quot;bottom&quot;:&quot;&quot;,&quot;left&quot;:&quot;&quot;,&quot;isLinked&quot;:true},&quot;form_padding_tablet&quot;:{&quot;unit&quot;:&quot;px&quot;,&quot;top&quot;:&quot;&quot;,&quot;right&quot;:&quot;&quot;,&quot;bottom&quot;:&quot;&quot;,&quot;left&quot;:&quot;&quot;,&quot;isLinked&quot;:true},&quot;form_padding_mobile&quot;:{&quot;unit&quot;:&quot;px&quot;,&quot;top&quot;:&quot;&quot;,&quot;right&quot;:&quot;&quot;,&quot;bottom&quot;:&quot;&quot;,&quot;left&quot;:&quot;&quot;,&quot;isLinked&quot;:true},&quot;btn_margin&quot;:{&quot;unit&quot;:&quot;px&quot;,&quot;top&quot;:&quot;&quot;,&quot;right&quot;:&quot;&quot;,&quot;bottom&quot;:&quot;&quot;,&quot;left&quot;:&quot;&quot;,&quot;isLinked&quot;:true},&quot;btn_margin_tablet&quot;:{&quot;unit&quot;:&quot;px&quot;,&quot;top&quot;:&quot;&quot;,&quot;right&quot;:&quot;&quot;,&quot;bottom&quot;:&quot;&quot;,&quot;left&quot;:&quot;&quot;,&quot;isLinked&quot;:true},&quot;btn_margin_mobile&quot;:{&quot;unit&quot;:&quot;px&quot;,&quot;top&quot;:&quot;&quot;,&quot;right&quot;:&quot;&quot;,&quot;bottom&quot;:&quot;&quot;,&quot;left&quot;:&quot;&quot;,&quot;isLinked&quot;:true},&quot;btn_padding&quot;:{&quot;unit&quot;:&quot;px&quot;,&quot;top&quot;:&quot;&quot;,&quot;right&quot;:&quot;&quot;,&quot;bottom&quot;:&quot;&quot;,&quot;left&quot;:&quot;&quot;,&quot;isLinked&quot;:true},&quot;btn_padding_tablet&quot;:{&quot;unit&quot;:&quot;px&quot;,&quot;top&quot;:&quot;&quot;,&quot;right&quot;:&quot;&quot;,&quot;bottom&quot;:&quot;&quot;,&quot;left&quot;:&quot;&quot;,&quot;isLinked&quot;:true},&quot;btn_padding_mobile&quot;:{&quot;unit&quot;:&quot;px&quot;,&quot;top&quot;:&quot;&quot;,&quot;right&quot;:&quot;&quot;,&quot;bottom&quot;:&quot;&quot;,&quot;left&quot;:&quot;&quot;,&quot;isLinked&quot;:true}}\" data-widget_type=\"oluro_form.default\">\n\t\t\t\t<div class=\"elementor-widget-container\">\n\t\t\t\t\t    \r\n    <!-- Contact Form Section -->\r\n    <section class=\"contact-form-section\">\r\n\t\t<div class=\"auto-container\">\r\n\t\t\t            <div class=\"sec-title\">\r\n                <div class=\"title te-subtitle\">\u00bfTienes una pregunta?<\/div>                <h2 class=\"tes-title\">\u00a1Nos encantaria escucharla!<\/h2>            <\/div>\r\n            \t\t\t<div class=\"row clearfix\">\r\n\t\t\t\r\n\t\t\t\t<!-- Form Column -->\r\n\t\t\t\t<div class=\"form-column col-lg-6 col-md-12 col-sm-12\">\r\n\t\t\t\t\t<div class=\"inner-column\">\r\n\t\t\t\t\t\t<div class=\"text te-text\">Si desea ponerse en contacto con nosotros en relaci\u00f3n con una reserva nueva o existente<\/div>\t\t\t\t\t\t\r\n\t\t\t\t\t\t<!-- Contact Form -->\r\n\t\t\t\t\t\t<div class=\"contact-form te-contact-form\">\t\t\t\t\t\t\t\r\n\t\t\t\t\t\t\t\n<div class=\"wpcf7 no-js\" id=\"wpcf7-f428-o1\" lang=\"en-US\" dir=\"ltr\" data-wpcf7-id=\"428\">\n<div class=\"screen-reader-response\"><p role=\"status\" aria-live=\"polite\" aria-atomic=\"true\"><\/p> <ul><\/ul><\/div>\n<form action=\"\/index.php\/wp-json\/wp\/v2\/pages\/1027#wpcf7-f428-o1\" method=\"post\" class=\"wpcf7-form init\" aria-label=\"Contact form\" novalidate=\"novalidate\" data-status=\"init\">\n<fieldset class=\"hidden-fields-container\"><input type=\"hidden\" name=\"_wpcf7\" value=\"428\" \/><input type=\"hidden\" name=\"_wpcf7_version\" value=\"6.1.3\" \/><input type=\"hidden\" name=\"_wpcf7_locale\" value=\"en_US\" \/><input type=\"hidden\" name=\"_wpcf7_unit_tag\" value=\"wpcf7-f428-o1\" \/><input type=\"hidden\" name=\"_wpcf7_container_post\" value=\"0\" \/><input type=\"hidden\" name=\"_wpcf7_posted_data_hash\" value=\"\" \/>\n<\/fieldset>\n<div class=\"form-group\">\n\t<p><span class=\"wpcf7-form-control-wrap\" data-name=\"text-660\"><input size=\"40\" maxlength=\"400\" class=\"wpcf7-form-control wpcf7-text wpcf7-validates-as-required\" aria-required=\"true\" aria-invalid=\"false\" placeholder=\"Complete Name\" value=\"\" type=\"text\" name=\"text-660\" \/><\/span>\n\t<\/p>\n<\/div>\n<div class=\"form-group\">\n\t<p><span class=\"wpcf7-form-control-wrap\" data-name=\"email-366\"><input size=\"40\" maxlength=\"400\" class=\"wpcf7-form-control wpcf7-email wpcf7-validates-as-required wpcf7-text wpcf7-validates-as-email\" aria-required=\"true\" aria-invalid=\"false\" placeholder=\"Email Address*\" value=\"\" type=\"email\" name=\"email-366\" \/><\/span>\n\t<\/p>\n<\/div>\n<div class=\"form-group\">\n\t<p><span class=\"wpcf7-form-control-wrap\" data-name=\"text-661\"><input size=\"40\" maxlength=\"400\" class=\"wpcf7-form-control wpcf7-text wpcf7-validates-as-required\" aria-required=\"true\" aria-invalid=\"false\" placeholder=\"Phone No (Optional)\" value=\"\" type=\"text\" name=\"text-661\" \/><\/span>\n\t<\/p>\n<\/div>\n<div class=\"form-group\">\n\t<p><span class=\"wpcf7-form-control-wrap\" data-name=\"textarea-440\"><textarea cols=\"40\" rows=\"10\" maxlength=\"2000\" class=\"wpcf7-form-control wpcf7-textarea wpcf7-validates-as-required\" aria-required=\"true\" aria-invalid=\"false\" placeholder=\"Your Comment\" name=\"textarea-440\"><\/textarea><\/span>\n\t<\/p>\n<\/div>\n<div class=\"form-group\">\n\t<div class=\"buttons-box\">\n\t\t<p><button class=\"theme-btn btn-style-one\"><span class=\"txt\">Send Message<\/span><\/button>\n\t\t<\/p>\n\t<\/div>\n<\/div><div class=\"wpcf7-response-output\" aria-hidden=\"true\"><\/div>\n<\/form>\n<\/div>\n\t\t\t\t\t\t<\/div>\r\n\t\t\t\t\t\t<!-- End Contact Form -->\r\n\t\t\t\t\t\t\r\n\t\t\t\t\t<\/div>\r\n\t\t\t\t<\/div>\r\n\t\t\t\t\r\n\t\t\t\t<!-- Location Column -->\r\n\t\t\t\t<div class=\"map-column col-lg-6 col-md-12 col-sm-12\">\r\n\t\t\t\t\t<div class=\"inner-column\">\r\n\t\t\t\t\t\t<h6 class=\"count-title\">Ubicacion Perfecta<\/h6>\t\t\t\t\t\t<div class=\"text te-counter\">Carrera 63 #39-96 barrio el campestre, Barrancabermeja.<\/div>\t\t\t\t\t\t                        <!-- Map Box -->\r\n\t\t\t\t\t\t<div class=\"map-box\">\r\n\t\t\t\t\t\t\t<iframe\n  src=\"https:\/\/www.google.com\/maps\/embed?pb=!1m18!1m12!1m3!1d3976.563086237671!2d-73.85736772507784!3d7.061792992943309!2m3!1f0!2f0!3f0!3m2!1i1024!2i768!4f13.1!3m3!1m2!1s0x8e41a52b3e0a1bb5%3A0xe2b6dc3bbab2d74a!2sCra.%2063%20%2339-96%2C%20Barrancabermeja%2C%20Santander%2C%20Colombia!5e0!3m2!1ses-419!2sco!4v1730698450000!5m2!1ses-419!2sco\"\n  width=\"600\"\n  height=\"450\"\n  style=\"border:0;\"\n  allowfullscreen=\"\"\n  loading=\"lazy\"\n  referrerpolicy=\"no-referrer-when-downgrade\">\n<\/iframe>\n\t\t\t\t\t\t<\/div>\r\n\t\t\t\t\t\t                        \t\t\t\t\t\t\t\t\t\t\t\t\t\t\t\t\t\t\t\t\t\t\t<\/div>\r\n\t\t\t\t<\/div>\r\n\t\t\t\t\r\n\t\t\t<\/div>\r\n\t\t<\/div>\r\n\t<\/section>\r\n\t<!-- End Contact Form Section -->\r\n\t        \r\n    \t\t\t\t<\/div>\n\t\t\t\t<\/div>\n\t\t\t\t\t<\/div>\n\t\t<\/div>\n\t\t\t\t\t<\/div>\n\t\t<\/section>\n\t\t\t\t<section class=\"elementor-section elementor-top-section elementor-element elementor-element-2d37c98 elementor-section-full_width elementor-section-height-default elementor-section-height-default\" data-id=\"2d37c98\" data-element_type=\"section\">\n\t\t\t\t\t\t<div class=\"elementor-container elementor-column-gap-default\">\n\t\t\t\t\t<div class=\"elementor-column elementor-col-100 elementor-top-column elementor-element elementor-element-b031445\" data-id=\"b031445\" data-element_type=\"column\">\n\t\t\t<div class=\"elementor-widget-wrap elementor-element-populated\">\n\t\t\t\t\t\t<div class=\"elementor-element elementor-element-62c3eff elementor-widget elementor-widget-oluro_our_faqs\" data-id=\"62c3eff\" data-element_type=\"widget\" data-widget_type=\"oluro_our_faqs.default\">\n\t\t\t\t<div class=\"elementor-widget-container\">\n\t\t\t\t\t        \r\n    <!-- Faq Section -->\r\n    <section class=\"faq-section te-faq\">\r\n\t\t<div class=\"auto-container\">\r\n\t\t\t<div class=\"inner-container\">\r\n\t\t\t\t                <div class=\"sec-title centered\">\r\n                    <div class=\"title te-subtitle\">HOTEL CANDILEJAS SERENITY<\/div>                    <h2 class=\"tes-title\">Preguntas frecuentes<\/h2>                <\/div>\r\n                \t\t\t\t\r\n\t\t\t\t<ul class=\"accordion-box style-two accordion-box-style2\">\r\n\t\t\t\t\t\r\n\t\t\t\t\t                    <!-- Block -->\r\n\t\t\t\t\t<li class=\"accordion-block\">\r\n\t\t\t\t\t\t<div class=\"accordion-block-title faq-title\">POLITICAS DE CANCELACION <div class=\"accordion-icon fa fa-angle-down\"><\/div><\/div>\r\n\t\t\t\t\t\t<div class=\"accordion-content\">\r\n\t\t\t\t\t\t\t<div class=\"bold-text faq-text\">Las cancelaciones realizadas con al menos 24 horas de anticipaci\u00f3n a la fecha de llegada no generan ning\u00fan cargo.\nSi la cancelaci\u00f3n se realiza con menos de 24 horas de anticipaci\u00f3n, se cobrar\u00e1 . <\/div>\r\n\t\t\t\t\t\t\t<div class=\"text faq-text\"><\/div>\r\n\t\t\t\t\t\t<\/div>\r\n\t\t\t\t\t<\/li>\r\n                                        <!-- Block -->\r\n\t\t\t\t\t<li class=\"accordion-block\">\r\n\t\t\t\t\t\t<div class=\"accordion-block-title faq-title\">PARQUEADERO <div class=\"accordion-icon fa fa-angle-down\"><\/div><\/div>\r\n\t\t\t\t\t\t<div class=\"accordion-content\">\r\n\t\t\t\t\t\t\t<div class=\"bold-text faq-text\">Contamos con parqueadero gratuito para hu\u00e9spedes. <\/div>\r\n\t\t\t\t\t\t\t<div class=\"text faq-text\"><\/div>\r\n\t\t\t\t\t\t<\/div>\r\n\t\t\t\t\t<\/li>\r\n                                        <!-- Block -->\r\n\t\t\t\t\t<li class=\"accordion-block\">\r\n\t\t\t\t\t\t<div class=\"accordion-block-title faq-title\">NI\u00d1OS\/CAMAS EXTRAS <div class=\"accordion-icon fa fa-angle-down\"><\/div><\/div>\r\n\t\t\t\t\t\t<div class=\"accordion-content\">\r\n\t\t\t\t\t\t\t<div class=\"bold-text faq-text\">No disponemos de camas adicionales por el momento ni cunas.\nLos ni\u00f1os mayores pagan un recargo. <\/div>\r\n\t\t\t\t\t\t\t<div class=\"text faq-text\"><\/div>\r\n\t\t\t\t\t\t<\/div>\r\n\t\t\t\t\t<\/li>\r\n                                        <!-- Block -->\r\n\t\t\t\t\t<li class=\"accordion-block\">\r\n\t\t\t\t\t\t<div class=\"accordion-block-title faq-title\">RESERVAS DE GRUPO <div class=\"accordion-icon fa fa-angle-down\"><\/div><\/div>\r\n\t\t\t\t\t\t<div class=\"accordion-content\">\r\n\t\t\t\t\t\t\t<div class=\"bold-text faq-text\">Para reservas de grupos de m\u00e1s de 9 personas, por favor comun\u00edquese con nosotros directamente al tel\u00e9fono o WhatsApp del hotel.\nLas reservas de grupo est\u00e1n sujetas a disponibilidad y pol\u00edticas de cancelaci\u00f3n especiales <\/div>\r\n\t\t\t\t\t\t\t<div class=\"text faq-text\"><\/div>\r\n\t\t\t\t\t\t<\/div>\r\n\t\t\t\t\t<\/li>\r\n                                        <!-- Block -->\r\n\t\t\t\t\t<li class=\"accordion-block\">\r\n\t\t\t\t\t\t<div class=\"accordion-block-title faq-title\">CAPACIDAD DE LAS HABITACIONES <div class=\"accordion-icon fa fa-angle-down\"><\/div><\/div>\r\n\t\t\t\t\t\t<div class=\"accordion-content\">\r\n\t\t\t\t\t\t\t<div class=\"bold-text faq-text\">Nuestras habitaciones cuentan con:\n\nCama doble,\n\nBa\u00f1o privado,\n\nAire acondicionado,\n\nTelevisor y cl\u00f3set. <\/div>\r\n\t\t\t\t\t\t\t<div class=\"text faq-text\"><\/div>\r\n\t\t\t\t\t\t<\/div>\r\n\t\t\t\t\t<\/li>\r\n                                        <!-- Block -->\r\n\t\t\t\t\t<li class=\"accordion-block\">\r\n\t\t\t\t\t\t<div class=\"accordion-block-title faq-title\">WI-FI <div class=\"accordion-icon fa fa-angle-down\"><\/div><\/div>\r\n\t\t\t\t\t\t<div class=\"accordion-content\">\r\n\t\t\t\t\t\t\t<div class=\"bold-text faq-text\">Ofrecemos conexi\u00f3n Wi-Fi gratuita en todas las habitaciones y \u00e1reas comunes.\nLa contrase\u00f1a se entrega al momento del registro (check-in). <\/div>\r\n\t\t\t\t\t\t\t<div class=\"text faq-text\"><\/div>\r\n\t\t\t\t\t\t<\/div>\r\n\t\t\t\t\t<\/li>\r\n                                        <!-- Block -->\r\n\t\t\t\t\t<li class=\"accordion-block\">\r\n\t\t\t\t\t\t<div class=\"accordion-block-title faq-title\">TRANSPORTE <div class=\"accordion-icon fa fa-angle-down\"><\/div><\/div>\r\n\t\t\t\t\t\t<div class=\"accordion-content\">\r\n\t\t\t\t\t\t\t<div class=\"bold-text faq-text\">Si necesita transporte desde o hacia el aeropuerto o terminal, podemos ayudarle a coordinar el servicio <\/div>\r\n\t\t\t\t\t\t\t<div class=\"text faq-text\"><\/div>\r\n\t\t\t\t\t\t<\/div>\r\n\t\t\t\t\t<\/li>\r\n                    \t\t\t\t\t\r\n\t\t\t\t<\/ul>\r\n\t\t\t\t\r\n\t\t\t<\/div>\r\n\t\t<\/div>\r\n\t<\/section>\r\n\t<!-- End Faq Section -->\r\n\t        \r\n    \t\t\t\t<\/div>\n\t\t\t\t<\/div>\n\t\t\t\t\t<\/div>\n\t\t<\/div>\n\t\t\t\t\t<\/div>\n\t\t<\/section>\n\t\t\t\t<\/div>\n\t\t","protected":false},"excerpt":{"rendered":"<p>HOTEL CANDILEJAS SERENITY CONSULTAS GENERALES Reservacion : +57 3105971723 Reception : hotelcandilejasserenity@outlook.com \u00bfTienes una pregunta? \u00a1Nos encantaria escucharla! Si desea ponerse en contacto con nosotros en relaci\u00f3n con una reserva nueva o existente Send Message Ubicacion Perfecta Carrera 63 #39-96 barrio el campestre, Barrancabermeja. HOTEL CANDILEJAS SERENITY Preguntas frecuentes POLITICAS DE CANCELACION Las cancelaciones realizadas [&hellip;]<\/p>\n","protected":false},"author":1,"featured_media":0,"parent":0,"menu_order":0,"comment_status":"closed","ping_status":"closed","template":"tpl-default-elementor.php","meta":{"footnotes":""},"class_list":["post-1027","page","type-page","status-publish","hentry"],"_links":{"self":[{"href":"https:\/\/hotelcandilejassrenity.com\/index.php\/wp-json\/wp\/v2\/pages\/1027","targetHints":{"allow":["GET"]}}],"collection":[{"href":"https:\/\/hotelcandilejassrenity.com\/index.php\/wp-json\/wp\/v2\/pages"}],"about":[{"href":"https:\/\/hotelcandilejassrenity.com\/index.php\/wp-json\/wp\/v2\/types\/page"}],"author":[{"embeddable":true,"href":"https:\/\/hotelcandilejassrenity.com\/index.php\/wp-json\/wp\/v2\/users\/1"}],"replies":[{"embeddable":true,"href":"https:\/\/hotelcandilejassrenity.com\/index.php\/wp-json\/wp\/v2\/comments?post=1027"}],"version-history":[{"count":5,"href":"https:\/\/hotelcandilejassrenity.com\/index.php\/wp-json\/wp\/v2\/pages\/1027\/revisions"}],"predecessor-version":[{"id":1143,"href":"https:\/\/hotelcandilejassrenity.com\/index.php\/wp-json\/wp\/v2\/pages\/1027\/revisions\/1143"}],"wp:attachment":[{"href":"https:\/\/hotelcandilejassrenity.com\/index.php\/wp-json\/wp\/v2\/media?parent=1027"}],"curies":[{"name":"wp","href":"https:\/\/api.w.org\/{rel}","templated":true}]}}