{"id":1018,"date":"2023-08-26T03:35:15","date_gmt":"2023-08-26T03:35:15","guid":{"rendered":"https:\/\/wp.themerange.net\/oluro\/?page_id=22"},"modified":"2025-11-11T21:35:00","modified_gmt":"2025-11-11T21:35:00","slug":"about-us","status":"publish","type":"page","link":"https:\/\/hotelcandilejassrenity.com\/index.php\/about-us\/","title":{"rendered":"Sobre Nosotros"},"content":{"rendered":"\t\t<div data-elementor-type=\"wp-page\" data-elementor-id=\"1018\" class=\"elementor elementor-1018\" data-elementor-post-type=\"page\">\n\t\t\t\t\t\t<section class=\"elementor-section elementor-top-section elementor-element elementor-element-5cab6eb elementor-section-full_width elementor-section-height-default elementor-section-height-default\" data-id=\"5cab6eb\" data-element_type=\"section\">\n\t\t\t\t\t\t<div class=\"elementor-container elementor-column-gap-default\">\n\t\t\t\t\t<div class=\"elementor-column elementor-col-100 elementor-top-column elementor-element elementor-element-f0c67a4\" data-id=\"f0c67a4\" data-element_type=\"column\">\n\t\t\t<div class=\"elementor-widget-wrap elementor-element-populated\">\n\t\t\t\t\t\t<div class=\"elementor-element elementor-element-7befc9b elementor-widget elementor-widget-oluro_hotel_features\" data-id=\"7befc9b\" data-element_type=\"widget\" data-widget_type=\"oluro_hotel_features.default\">\n\t\t\t\t<div class=\"elementor-widget-container\">\n\t\t\t\t\t    \r\n    <!-- Collection Section -->\r\n    <section class=\"collection-section slogan-style2\">\r\n\t\t<div class=\"auto-container\">\r\n\t\t\t            <div class=\"sec-title\">\r\n                <div class=\"title banner-subtitle\">Explora,DESCUMBRE Y VIVE<\/div>                <h2 class=\"banner-title\">Un hotel \u00fanico para tu estad\u00eda<\/h2>            <\/div>\r\n            \t\t\t<div class=\"row clearfix\">\r\n\t\t\t\t\r\n\t\t\t\t<!-- Content Column -->\r\n\t\t\t\t<div class=\"content-column col-lg-6 col-md-12 col-sm-12\">\r\n\t\t\t\t\t<div class=\"inner-column\">\r\n\t\t\t\t\t\t<h6 class=\"count-title\">Descripci\u00f3n general del hotel<\/h6>\t\t\t\t\t\t<p class=\"te-text\">te ofrecemos un hogar lejos de casa. Nuestro ambiente familiar y la atenci\u00f3n amable de nuestro personal hacen que cada estancia sea c\u00f3moda y agradable.\nNuestras habitaciones est\u00e1n equipadas con cama doble, aire acondicionado, ba\u00f1o privado, televisor y cl\u00f3set, ideales para descansar despu\u00e9s de un d\u00eda de actividades.<\/p>\t\t\t\t\t\t<!-- Author Box -->\r\n\t\t\t\t\t\t<div class=\"author-box\">\r\n\t\t\t\t\t\t\t<div class=\"box-inner\">\r\n\t\t\t\t\t\t\t\t                                <span class=\"author-image\">\r\n\t\t\t\t\t\t\t\t\t<img decoding=\"async\" src=\"https:\/\/hotelcandilejassrenity.com\/wp-content\/uploads\/2023\/08\/Diseno-sin-titulo-2-1.png\" alt=\"Awesome Image\" \/>\r\n\t\t\t\t\t\t\t\t<\/span>\r\n\t\t\t\t\t\t\t\t                                <div class=\"te-author\">\r\n\t\t\t\t\t\t\t\t\t\t\t\t\t\t\t\t\t<\/div>\r\n\t\t\t\t\t\t\t\t\t\t\t\t\t\t\t<\/div>\r\n\t\t\t\t\t\t<\/div>\r\n\t\t\t\t\t\t<h6 class=\"count-title\">caracteristicas del hotel<\/h6>\t\t\t\t\t\t\t\t\t\t\t\t<div class=\"te-list\">\r\n\t\t\t\t\t\t\t<ul class=\"check-list\">\r\n\t\t\t\t\t\t\t\t\t\t\t\t\t\t\t\t<li>Parqueadero gratuito para hu\u00e9spedes.<\/li>\r\n\t\t\t\t\t\t\t\t\t\t\t\t\t\t\t\t<li><\/li>\r\n\t\t\t\t\t\t\t\t\t\t\t\t\t\t\t\t<li> Se aceptan ni\u00f1os con un cargo adicional.<\/li>\r\n\t\t\t\t\t\t\t\t\t\t\t\t\t\t\t\t<li>Servicio diario de limpieza.<\/li>\r\n\t\t\t\t\t\t\t\t\t\t\t\t\t\t\t\t<li><\/li>\r\n\t\t\t\t\t\t\t\t\t\t\t\t\t\t\t\t<li>Wifi.<\/li>\r\n\t\t\t\t\t\t\t\t\t\t\t\t\t\t\t\t<li>Ambiente familiar que te har\u00e1 sentir como en casa.<\/li>\r\n\t\t\t\t\t\t\t\t\t\t\t\t\t\t\t\t<li> Atenci\u00f3n amable y personalizada para que tu estancia sea inolvidable.<\/li>\r\n\t\t\t\t\t\t\t\t\t\t\t\t\t\t\t<\/ul>\r\n\t\t\t\t\t\t<\/div>\r\n\t\t\t\t\t\t\t\t\t\t\t<\/div>\r\n\t\t\t\t<\/div>\r\n\t\t\t\t\r\n\t\t\t\t<!-- Location Column -->\r\n\t\t\t\t<div class=\"location-column col-lg-6 col-md-12 col-sm-12\">\r\n\t\t\t\t\t<div class=\"inner-column\">\r\n\t\t\t\t\t\t<h6 class=\"count-title\">Uicacion Perefecta<\/h6>\t\t\t\t\t\t<div class=\"text te-counter\">Carrera 63 #39-96 barrio el Campestre, Barrancabermeja.<\/div>\t\t\t\t\t\t                        <!-- Map Box -->\r\n\t\t\t\t\t\t<div class=\"map-box\">\r\n\t\t\t\t\t\t\t<iframe\n  src=\"https:\/\/www.google.com\/maps\/embed?pb=!1m18!1m12!1m3!1d3976.563086237671!2d-73.85736772507784!3d7.061792992943309!2m3!1f0!2f0!3f0!3m2!1i1024!2i768!4f13.1!3m3!1m2!1s0x8e41a52b3e0a1bb5%3A0xe2b6dc3bbab2d74a!2sCra.%2063%20%2339-96%2C%20Barrancabermeja%2C%20Santander%2C%20Colombia!5e0!3m2!1ses-419!2sco!4v1730698450000!5m2!1ses-419!2sco\"\n  width=\"600\"\n  height=\"450\"\n  style=\"border:0;\"\n  allowfullscreen=\"\"\n  loading=\"lazy\"\n  referrerpolicy=\"no-referrer-when-downgrade\">\n<\/iframe>\n\t\t\t\t\t\t<\/div>\r\n\t\t\t\t\t\t                        \t\t\t\t\t\t\t\t\t\t\t\t\t\t\t\t\t\t\t\t\t\t\t<\/div>\r\n\t\t\t\t<\/div>\r\n\t\t\t\t\r\n\t\t\t<\/div>\r\n\t\t<\/div>\r\n\t<\/section>\r\n\t<!-- End Collection Section -->\r\n\t        \r\n    \t\t\t\t<\/div>\n\t\t\t\t<\/div>\n\t\t\t\t<div class=\"elementor-element elementor-element-398ee92 elementor-widget elementor-widget-oluro_service_carousel\" data-id=\"398ee92\" data-element_type=\"widget\" data-settings=\"{&quot;btn_margin&quot;:{&quot;unit&quot;:&quot;px&quot;,&quot;top&quot;:&quot;&quot;,&quot;right&quot;:&quot;&quot;,&quot;bottom&quot;:&quot;&quot;,&quot;left&quot;:&quot;&quot;,&quot;isLinked&quot;:true},&quot;btn_margin_tablet&quot;:{&quot;unit&quot;:&quot;px&quot;,&quot;top&quot;:&quot;&quot;,&quot;right&quot;:&quot;&quot;,&quot;bottom&quot;:&quot;&quot;,&quot;left&quot;:&quot;&quot;,&quot;isLinked&quot;:true},&quot;btn_margin_mobile&quot;:{&quot;unit&quot;:&quot;px&quot;,&quot;top&quot;:&quot;&quot;,&quot;right&quot;:&quot;&quot;,&quot;bottom&quot;:&quot;&quot;,&quot;left&quot;:&quot;&quot;,&quot;isLinked&quot;:true},&quot;btn_padding&quot;:{&quot;unit&quot;:&quot;px&quot;,&quot;top&quot;:&quot;&quot;,&quot;right&quot;:&quot;&quot;,&quot;bottom&quot;:&quot;&quot;,&quot;left&quot;:&quot;&quot;,&quot;isLinked&quot;:true},&quot;btn_padding_tablet&quot;:{&quot;unit&quot;:&quot;px&quot;,&quot;top&quot;:&quot;&quot;,&quot;right&quot;:&quot;&quot;,&quot;bottom&quot;:&quot;&quot;,&quot;left&quot;:&quot;&quot;,&quot;isLinked&quot;:true},&quot;btn_padding_mobile&quot;:{&quot;unit&quot;:&quot;px&quot;,&quot;top&quot;:&quot;&quot;,&quot;right&quot;:&quot;&quot;,&quot;bottom&quot;:&quot;&quot;,&quot;left&quot;:&quot;&quot;,&quot;isLinked&quot;:true}}\" data-widget_type=\"oluro_service_carousel.default\">\n\t\t\t\t<div class=\"elementor-widget-container\">\n\t\t\t\t\t    \r\n    <!-- Services Section -->\r\n\t<section class=\"services-section\">\r\n\t\t<div class=\"auto-container\">\r\n\t\t\t<div class=\"services-carousel oluro-service-carousel owl-carousel owl-theme owl-dots-none owl-nav-none\" data-slider=\"{&quot;infinite&quot;:true,&quot;autoplay&quot;:true,&quot;autoplaySpeed&quot;:&quot;2500&quot;,&quot;dots&quot;:false,&quot;nav&quot;:false,&quot;item_gap&quot;:30,&quot;item_show&quot;:3}\">\r\n\t\t\t\t\r\n\t\t\t\t                <!-- Service Block -->\r\n\t\t\t\t<div class=\"service-block\">\r\n\t\t\t\t\t<div class=\"inner-box accounts-style2-tab\">\r\n\t\t\t\t\t\t                        <div class=\"lower-content\">\r\n\t\t\t\t\t\t\t\t\t\t\t\t\t\t\t\t\t\t\t\t\t\t\t\t\t\t\t<\/div>\r\n\t\t\t\t\t<\/div>\r\n\t\t\t\t<\/div>\r\n                \t\t\t\t\r\n\t\t\t<\/div>\r\n\t\t<\/div>\r\n\t<\/section>\r\n\t<!-- End Services Section -->\r\n\t\r\n\t\t\t\t\t<\/div>\n\t\t\t\t<\/div>\n\t\t\t\t\t<\/div>\n\t\t<\/div>\n\t\t\t\t\t<\/div>\n\t\t<\/section>\n\t\t\t\t<section class=\"elementor-section elementor-top-section elementor-element elementor-element-ca4be10 elementor-section-full_width elementor-section-height-default elementor-section-height-default\" data-id=\"ca4be10\" data-element_type=\"section\">\n\t\t\t\t\t\t<div class=\"elementor-container elementor-column-gap-default\">\n\t\t\t\t\t<div class=\"elementor-column elementor-col-100 elementor-top-column elementor-element elementor-element-7c9f0d8\" data-id=\"7c9f0d8\" data-element_type=\"column\">\n\t\t\t<div class=\"elementor-widget-wrap elementor-element-populated\">\n\t\t\t\t\t\t<div class=\"elementor-element elementor-element-459e717 elementor-widget elementor-widget-oluro_project_carousel\" data-id=\"459e717\" data-element_type=\"widget\" data-settings=\"{&quot;oluro_layout_margin&quot;:{&quot;unit&quot;:&quot;px&quot;,&quot;top&quot;:&quot;&quot;,&quot;right&quot;:&quot;&quot;,&quot;bottom&quot;:&quot;&quot;,&quot;left&quot;:&quot;&quot;,&quot;isLinked&quot;:true},&quot;oluro_layout_margin_tablet&quot;:{&quot;unit&quot;:&quot;px&quot;,&quot;top&quot;:&quot;&quot;,&quot;right&quot;:&quot;&quot;,&quot;bottom&quot;:&quot;&quot;,&quot;left&quot;:&quot;&quot;,&quot;isLinked&quot;:true},&quot;oluro_layout_margin_mobile&quot;:{&quot;unit&quot;:&quot;px&quot;,&quot;top&quot;:&quot;&quot;,&quot;right&quot;:&quot;&quot;,&quot;bottom&quot;:&quot;&quot;,&quot;left&quot;:&quot;&quot;,&quot;isLinked&quot;:true},&quot;oluro_layout_padding&quot;:{&quot;unit&quot;:&quot;px&quot;,&quot;top&quot;:&quot;&quot;,&quot;right&quot;:&quot;&quot;,&quot;bottom&quot;:&quot;&quot;,&quot;left&quot;:&quot;&quot;,&quot;isLinked&quot;:true},&quot;oluro_layout_padding_tablet&quot;:{&quot;unit&quot;:&quot;px&quot;,&quot;top&quot;:&quot;&quot;,&quot;right&quot;:&quot;&quot;,&quot;bottom&quot;:&quot;&quot;,&quot;left&quot;:&quot;&quot;,&quot;isLinked&quot;:true},&quot;oluro_layout_padding_mobile&quot;:{&quot;unit&quot;:&quot;px&quot;,&quot;top&quot;:&quot;&quot;,&quot;right&quot;:&quot;&quot;,&quot;bottom&quot;:&quot;&quot;,&quot;left&quot;:&quot;&quot;,&quot;isLinked&quot;:true}}\" data-widget_type=\"oluro_project_carousel.default\">\n\t\t\t\t<div class=\"elementor-widget-container\">\n\t\t\t\t\t    \r\n        \r\n    <!-- Video Section -->\r\n    <section class=\"video-section te-project\">\r\n\t\t<div class=\"auto-container\">\r\n\t\t\t            <div class=\"sec-title centered\">\r\n                <div class=\"title te-subtitle\">INTRODUCCION Y PROMOCIONES<\/div>                <h2 class=\"tes-title\">VIDEO GALERIA<\/h2>            <\/div>\r\n            \t\t\t<div class=\"inner-container\">\r\n\t\t\t\t<div class=\"video-carousel owl-carousel owl-theme oluro-video-carousel owl-dots-none owl-nav-none\" data-slider=\"{&quot;infinite&quot;:true,&quot;autoplay&quot;:true,&quot;autoplaySpeed&quot;:&quot;2500&quot;,&quot;dots&quot;:false,&quot;nav&quot;:true,&quot;item_gap&quot;:30,&quot;item_show&quot;:1}\">\r\n\t\t\t\t\t\r\n\t\t\t\t\t                    <!-- Gallery Block Four -->\r\n\t\t\t\t\t<div class=\"gallery-block-four project-bg\">\r\n\t\t\t\t\t\t<div class=\"inner-box\">\r\n\t\t\t\t\t\t\t<div class=\"image\">\r\n\t\t\t\t\t\t\t\t<img fetchpriority=\"high\" decoding=\"async\" width=\"860\" height=\"570\" src=\"https:\/\/hotelcandilejassrenity.com\/wp-content\/uploads\/2023\/08\/video-1.jpg\" class=\"attachment-oluro_860x570 size-oluro_860x570 wp-post-image\" alt=\"\" srcset=\"https:\/\/hotelcandilejassrenity.com\/wp-content\/uploads\/2023\/08\/video-1.jpg 860w, https:\/\/hotelcandilejassrenity.com\/wp-content\/uploads\/2023\/08\/video-1-300x199.jpg 300w, https:\/\/hotelcandilejassrenity.com\/wp-content\/uploads\/2023\/08\/video-1-768x509.jpg 768w\" sizes=\"(max-width: 860px) 100vw, 860px\" \/>\t\t\t\t\t\t\t\t<a href=\"\" class=\"lightbox-image overlay-box icon-box\"><span class=\"flaticon-play-arrow\"><i class=\"ripple\"><\/i><\/span><\/a>\r\n\t\t\t\t\t\t\t\t<a class=\"title theme-btn te-btn\" href=\"https:\/\/hotelcandilejassrenity.com\/index.php\/project\/welcome-deluxe-room\/\">\r\n                                \tWelcome Deluxe Room                                <\/a>\r\n\t\t\t\t\t\t\t<\/div>\r\n\t\t\t\t\t\t<\/div>\r\n\t\t\t\t\t<\/div>\r\n                                        <!-- Gallery Block Four -->\r\n\t\t\t\t\t<div class=\"gallery-block-four project-bg\">\r\n\t\t\t\t\t\t<div class=\"inner-box\">\r\n\t\t\t\t\t\t\t<div class=\"image\">\r\n\t\t\t\t\t\t\t\t<img decoding=\"async\" width=\"860\" height=\"570\" src=\"https:\/\/hotelcandilejassrenity.com\/wp-content\/uploads\/2023\/08\/video-2.jpg\" class=\"attachment-oluro_860x570 size-oluro_860x570 wp-post-image\" alt=\"\" srcset=\"https:\/\/hotelcandilejassrenity.com\/wp-content\/uploads\/2023\/08\/video-2.jpg 860w, https:\/\/hotelcandilejassrenity.com\/wp-content\/uploads\/2023\/08\/video-2-300x199.jpg 300w, https:\/\/hotelcandilejassrenity.com\/wp-content\/uploads\/2023\/08\/video-2-768x509.jpg 768w\" sizes=\"(max-width: 860px) 100vw, 860px\" \/>\t\t\t\t\t\t\t\t<a href=\"\" class=\"lightbox-image overlay-box icon-box\"><span class=\"flaticon-play-arrow\"><i class=\"ripple\"><\/i><\/span><\/a>\r\n\t\t\t\t\t\t\t\t<a class=\"title theme-btn te-btn\" href=\"https:\/\/hotelcandilejassrenity.com\/index.php\/project\/welcome-deluxe-room-2\/\">\r\n                                \tWelcome Deluxe Room                                <\/a>\r\n\t\t\t\t\t\t\t<\/div>\r\n\t\t\t\t\t\t<\/div>\r\n\t\t\t\t\t<\/div>\r\n                    \t\t\t\t\t\r\n\t\t\t\t<\/div>\r\n\t\t\t<\/div>\r\n\t\t<\/div>\r\n\t<\/section>\r\n\t<!-- End Video Section -->\r\n\t\r\n\t    \r\n    \t\t\t\t<\/div>\n\t\t\t\t<\/div>\n\t\t\t\t\t<\/div>\n\t\t<\/div>\n\t\t\t\t\t<\/div>\n\t\t<\/section>\n\t\t\t\t<\/div>\n\t\t","protected":false},"excerpt":{"rendered":"<p>Explora,DESCUMBRE Y VIVE Un hotel \u00fanico para tu estad\u00eda Descripci\u00f3n general del hotel te ofrecemos un hogar lejos de casa. Nuestro ambiente familiar y la atenci\u00f3n amable de nuestro personal hacen que cada estancia sea c\u00f3moda y agradable. Nuestras habitaciones est\u00e1n equipadas con cama doble, aire acondicionado, ba\u00f1o privado, televisor y cl\u00f3set, ideales para descansar [&hellip;]<\/p>\n","protected":false},"author":1,"featured_media":0,"parent":0,"menu_order":0,"comment_status":"closed","ping_status":"closed","template":"tpl-default-elementor.php","meta":{"footnotes":""},"class_list":["post-1018","page","type-page","status-publish","hentry"],"_links":{"self":[{"href":"https:\/\/hotelcandilejassrenity.com\/index.php\/wp-json\/wp\/v2\/pages\/1018","targetHints":{"allow":["GET"]}}],"collection":[{"href":"https:\/\/hotelcandilejassrenity.com\/index.php\/wp-json\/wp\/v2\/pages"}],"about":[{"href":"https:\/\/hotelcandilejassrenity.com\/index.php\/wp-json\/wp\/v2\/types\/page"}],"author":[{"embeddable":true,"href":"https:\/\/hotelcandilejassrenity.com\/index.php\/wp-json\/wp\/v2\/users\/1"}],"replies":[{"embeddable":true,"href":"https:\/\/hotelcandilejassrenity.com\/index.php\/wp-json\/wp\/v2\/comments?post=1018"}],"version-history":[{"count":14,"href":"https:\/\/hotelcandilejassrenity.com\/index.php\/wp-json\/wp\/v2\/pages\/1018\/revisions"}],"predecessor-version":[{"id":1211,"href":"https:\/\/hotelcandilejassrenity.com\/index.php\/wp-json\/wp\/v2\/pages\/1018\/revisions\/1211"}],"wp:attachment":[{"href":"https:\/\/hotelcandilejassrenity.com\/index.php\/wp-json\/wp\/v2\/media?parent=1018"}],"curies":[{"name":"wp","href":"https:\/\/api.w.org\/{rel}","templated":true}]}}