{"id":1017,"date":"2023-08-26T03:27:46","date_gmt":"2023-08-26T03:27:46","guid":{"rendered":"https:\/\/wp.themerange.net\/oluro\/?page_id=20"},"modified":"2025-11-12T12:14:26","modified_gmt":"2025-11-12T12:14:26","slug":"homepage-three","status":"publish","type":"page","link":"https:\/\/hotelcandilejassrenity.com\/index.php\/homepage-three\/","title":{"rendered":"INFORMACION"},"content":{"rendered":"\t\t<div data-elementor-type=\"wp-page\" data-elementor-id=\"1017\" class=\"elementor elementor-1017\" data-elementor-post-type=\"page\">\n\t\t\t\t\t\t<section class=\"elementor-section elementor-top-section elementor-element elementor-element-7575866 elementor-section-full_width elementor-section-height-default elementor-section-height-default\" data-id=\"7575866\" data-element_type=\"section\">\n\t\t\t\t\t\t<div class=\"elementor-container elementor-column-gap-default\">\n\t\t\t\t\t<div class=\"elementor-column elementor-col-100 elementor-top-column elementor-element elementor-element-5e74a2b\" data-id=\"5e74a2b\" data-element_type=\"column\">\n\t\t\t<div class=\"elementor-widget-wrap elementor-element-populated\">\n\t\t\t\t\t\t<div class=\"elementor-element elementor-element-e65ceef elementor-widget elementor-widget-oluro_banner\" data-id=\"e65ceef\" data-element_type=\"widget\" data-settings=\"{&quot;btn_margin&quot;:{&quot;unit&quot;:&quot;px&quot;,&quot;top&quot;:&quot;&quot;,&quot;right&quot;:&quot;&quot;,&quot;bottom&quot;:&quot;&quot;,&quot;left&quot;:&quot;&quot;,&quot;isLinked&quot;:true},&quot;btn_margin_tablet&quot;:{&quot;unit&quot;:&quot;px&quot;,&quot;top&quot;:&quot;&quot;,&quot;right&quot;:&quot;&quot;,&quot;bottom&quot;:&quot;&quot;,&quot;left&quot;:&quot;&quot;,&quot;isLinked&quot;:true},&quot;btn_margin_mobile&quot;:{&quot;unit&quot;:&quot;px&quot;,&quot;top&quot;:&quot;&quot;,&quot;right&quot;:&quot;&quot;,&quot;bottom&quot;:&quot;&quot;,&quot;left&quot;:&quot;&quot;,&quot;isLinked&quot;:true},&quot;btn_padding&quot;:{&quot;unit&quot;:&quot;px&quot;,&quot;top&quot;:&quot;&quot;,&quot;right&quot;:&quot;&quot;,&quot;bottom&quot;:&quot;&quot;,&quot;left&quot;:&quot;&quot;,&quot;isLinked&quot;:true},&quot;btn_padding_tablet&quot;:{&quot;unit&quot;:&quot;px&quot;,&quot;top&quot;:&quot;&quot;,&quot;right&quot;:&quot;&quot;,&quot;bottom&quot;:&quot;&quot;,&quot;left&quot;:&quot;&quot;,&quot;isLinked&quot;:true},&quot;btn_padding_mobile&quot;:{&quot;unit&quot;:&quot;px&quot;,&quot;top&quot;:&quot;&quot;,&quot;right&quot;:&quot;&quot;,&quot;bottom&quot;:&quot;&quot;,&quot;left&quot;:&quot;&quot;,&quot;isLinked&quot;:true}}\" data-widget_type=\"oluro_banner.default\">\n\t\t\t\t<div class=\"elementor-widget-container\">\n\t\t\t\t\t    \r\n    \t\r\n\t<!-- Banner Section Two -->\r\n    <section class=\"banner-section-two invent-blog-section\">\r\n\t\t<div class=\"auto-container\">\r\n\t\t\t\r\n                        <!-- Sec Title -->\r\n\t\t\t<div class=\"sec-title centered\">\r\n\t\t\t\t<div class=\"title te-subtitle\">Vive Una Experiencia Diferente<\/div>\t\t\t\t<h2 class=\"te-title\">Tu comodidad es nuestra prioridad<\/h2>\t\t\t<\/div>\r\n            \t\t\t\r\n\t\t\t\t\t\t\r\n\t\t\t<!-- Carousel Box -->\r\n\t\t\t<div class=\"carousel-box\">\r\n\t\t\t\t<div class=\"single-item-carousel oluro-banner-single-slider-carousel owl-carousel owl-theme owl-dots-none owl-nav-none\" data-slider=\"{&quot;infinite&quot;:true,&quot;autoplay&quot;:true,&quot;autoplaySpeed&quot;:&quot;2500&quot;,&quot;dots&quot;:false,&quot;nav&quot;:false,&quot;item_gap&quot;:0,&quot;item_show&quot;:1}\">\r\n\t\t\t\t\t\r\n\t\t\t\t\t                    <!-- Slide -->\r\n\t\t\t\t\t<div class=\"slide\">\r\n\t\t\t\t\t\t<div class=\"image\">\r\n\t\t\t\t\t\t\t<img decoding=\"async\" src=\"\" alt=\"Awesome Image\" \/>\r\n\t\t\t\t\t\t\t<div class=\"overlay-box\">\r\n\t\t\t\t\t\t\t\t<h5><a class=\"te-title\" href=\"https:\/\/wp.uniqthemes.com\/oluro\/rooms\/king-room\/\">Welcome, your next trip awaits.<\/a><\/h5>\t\t\t\t\t\t\t\t                                <div class=\"button-box\">\r\n                                    <a href=\"https:\/\/wp.uniqthemes.com\/oluro\/rooms\/king-room\/\" class=\"theme-btn btn-style-three oluro-btn1\"><span class=\"txt\">Book Now<\/span><\/a>\r\n                                <\/div>\r\n                                                                <a class=\"reserve te-text\" href=\"https:\/\/wp.uniqthemes.com\/oluro\/rooms\/king-room\/\"><\/a>\r\n\t\t\t\t\t\t\t<\/div>\r\n\t\t\t\t\t\t<\/div>\r\n\t\t\t\t\t<\/div>\r\n                                        <!-- Slide -->\r\n\t\t\t\t\t<div class=\"slide\">\r\n\t\t\t\t\t\t<div class=\"image\">\r\n\t\t\t\t\t\t\t<img decoding=\"async\" src=\"\" alt=\"Awesome Image\" \/>\r\n\t\t\t\t\t\t\t<div class=\"overlay-box\">\r\n\t\t\t\t\t\t\t\t<h5><a class=\"te-title\" href=\"https:\/\/wp.uniqthemes.com\/oluro\/rooms\/king-room\/\">Luxury Hotel in Heart of Vienna<\/a><\/h5>\t\t\t\t\t\t\t\t                                <div class=\"button-box\">\r\n                                    <a href=\"https:\/\/wp.uniqthemes.com\/oluro\/rooms\/king-room\/\" class=\"theme-btn btn-style-three oluro-btn1\"><span class=\"txt\">Book Now<\/span><\/a>\r\n                                <\/div>\r\n                                                                <a class=\"reserve te-text\" href=\"https:\/\/wp.uniqthemes.com\/oluro\/rooms\/king-room\/\"><\/a>\r\n\t\t\t\t\t\t\t<\/div>\r\n\t\t\t\t\t\t<\/div>\r\n\t\t\t\t\t<\/div>\r\n                                        <!-- Slide -->\r\n\t\t\t\t\t<div class=\"slide\">\r\n\t\t\t\t\t\t<div class=\"image\">\r\n\t\t\t\t\t\t\t<img decoding=\"async\" src=\"\" alt=\"Awesome Image\" \/>\r\n\t\t\t\t\t\t\t<div class=\"overlay-box\">\r\n\t\t\t\t\t\t\t\t<h5><a class=\"te-title\" href=\"https:\/\/wp.uniqthemes.com\/oluro\/rooms\/king-room\/\">Welcome, your next trip awaits.<\/a><\/h5>\t\t\t\t\t\t\t\t                                <div class=\"button-box\">\r\n                                    <a href=\"https:\/\/wp.uniqthemes.com\/oluro\/rooms\/king-room\/\" class=\"theme-btn btn-style-three oluro-btn1\"><span class=\"txt\">Book Now<\/span><\/a>\r\n                                <\/div>\r\n                                                                <a class=\"reserve te-text\" href=\"https:\/\/wp.uniqthemes.com\/oluro\/rooms\/king-room\/\"><\/a>\r\n\t\t\t\t\t\t\t<\/div>\r\n\t\t\t\t\t\t<\/div>\r\n\t\t\t\t\t<\/div>\r\n                    \t\t\t\t\t\r\n\t\t\t\t<\/div>\r\n\t\t\t<\/div>\r\n\t\t\t<!-- End Carousel Box -->\r\n\t\t\t\r\n\t\t<\/div>\r\n\t<\/section>\r\n\t<!-- End Banner Section Two -->\r\n\t\r\n\t\t\t\t\t<\/div>\n\t\t\t\t<\/div>\n\t\t\t\t\t<\/div>\n\t\t<\/div>\n\t\t\t\t\t<\/div>\n\t\t<\/section>\n\t\t\t\t<section class=\"elementor-section elementor-top-section elementor-element elementor-element-be448ff elementor-section-full_width elementor-section-height-default elementor-section-height-default\" data-id=\"be448ff\" data-element_type=\"section\">\n\t\t\t\t\t\t<div class=\"elementor-container elementor-column-gap-default\">\n\t\t\t\t\t<div class=\"elementor-column elementor-col-100 elementor-top-column elementor-element elementor-element-1eef782\" data-id=\"1eef782\" data-element_type=\"column\">\n\t\t\t<div class=\"elementor-widget-wrap\">\n\t\t\t\t\t\t\t<\/div>\n\t\t<\/div>\n\t\t\t\t\t<\/div>\n\t\t<\/section>\n\t\t\t\t<section class=\"elementor-section elementor-top-section elementor-element elementor-element-77f4879 elementor-section-full_width elementor-section-height-default elementor-section-height-default\" data-id=\"77f4879\" data-element_type=\"section\">\n\t\t\t\t\t\t<div class=\"elementor-container elementor-column-gap-no\">\n\t\t\t\t\t<div class=\"elementor-column elementor-col-100 elementor-top-column elementor-element elementor-element-c7b9bc8\" data-id=\"c7b9bc8\" data-element_type=\"column\">\n\t\t\t<div class=\"elementor-widget-wrap elementor-element-populated\">\n\t\t\t\t\t\t<div class=\"elementor-element elementor-element-8ee77de elementor-widget elementor-widget-oluro_icon_box\" data-id=\"8ee77de\" data-element_type=\"widget\" data-widget_type=\"oluro_icon_box.default\">\n\t\t\t\t<div class=\"elementor-widget-container\">\n\t\t\t\t\t    \r\n    <!-- Confidence Section -->\r\n    <section class=\"confidence-section slogan-style2\">\r\n\t\t<div class=\"auto-container\">\r\n\t\t\t            <!-- Sec Title -->\r\n\t\t\t<div class=\"sec-title centered\">\r\n\t\t\t\t<div class=\"title banner-subtitle\">Rel\u00e1jate y d\u00e9jate envolver por el ambiente c\u00e1lido y familiar<\/div>\t\t\t\t<h2 class=\"banner-title\">Tu Refugio Perfecto de Serenidad<\/h2>            <\/div>\r\n            \t\t\t<div class=\"row clearfix\">\r\n\t\t\t\t\r\n\t\t\t\t                <!-- Service Block Two -->\r\n\t\t\t\t<div class=\"service-block-two col-lg-4 col-md-6 col-sm-12\">\r\n\t\t\t\t\t<div class=\"inner-box wow fadeInLeft\" data-wow-delay=\"0ms\" data-wow-duration=\"1500ms\">\r\n\t\t\t\t\t\t<div class=\"icon-box te-icon\">\r\n\t\t\t\t\t\t\t\t\t\t\t\t\t\t\t<i class=\"flaticon flaticon-file\"><\/i>\t\t\t\t\t\t\t\t\t\t\t\t\t<\/div>\r\n\t\t\t\t\t\t<h3><a class=\"te-author\" href=\"https:\/\/wp.uniqthemes.com\/oluro\/rooms\/king-room\/\">Mejor Precio Garantizado<\/a><\/h3>\t\t\t\t\t\t<div class=\"text te-text\">Reserva directo con nosotros y obt\u00e9n la mejor tarifa disponible.<\/div>\t\t\t\t\t<\/div>\r\n\t\t\t\t<\/div>\r\n                                <!-- Service Block Two -->\r\n\t\t\t\t<div class=\"service-block-two col-lg-4 col-md-6 col-sm-12\">\r\n\t\t\t\t\t<div class=\"inner-box wow fadeInLeft\" data-wow-delay=\"0ms\" data-wow-duration=\"1500ms\">\r\n\t\t\t\t\t\t<div class=\"icon-box te-icon\">\r\n\t\t\t\t\t\t\t\t\t\t\t\t\t\t\t<i class=\"flaticon flaticon-airplane\"><\/i>\t\t\t\t\t\t\t\t\t\t\t\t\t<\/div>\r\n\t\t\t\t\t\t<h3><a class=\"te-author\" href=\"https:\/\/wp.uniqthemes.com\/oluro\/rooms\/king-room\/\">Planea tu Estancia<\/a><\/h3>\t\t\t\t\t\t<div class=\"text te-text\">Organiza tus fechas y disfruta de una experiencia personalizada con atenci\u00f3n exclusiva.<\/div>\t\t\t\t\t<\/div>\r\n\t\t\t\t<\/div>\r\n                                <!-- Service Block Two -->\r\n\t\t\t\t<div class=\"service-block-two col-lg-4 col-md-6 col-sm-12\">\r\n\t\t\t\t\t<div class=\"inner-box wow fadeInLeft\" data-wow-delay=\"0ms\" data-wow-duration=\"1500ms\">\r\n\t\t\t\t\t\t<div class=\"icon-box te-icon\">\r\n\t\t\t\t\t\t\t\t\t\t\t\t\t\t\t<i class=\"flaticon flaticon-hotel\"><\/i>\t\t\t\t\t\t\t\t\t\t\t\t\t<\/div>\r\n\t\t\t\t\t\t<h3><a class=\"te-author\" href=\"https:\/\/wp.uniqthemes.com\/oluro\/rooms\/king-room\/\">Encuentra Nuestro Hotel<\/a><\/h3>\t\t\t\t\t\t<div class=\"text te-text\">Ubicados en el coraz\u00f3n de Barrancabermeja, con f\u00e1cil acceso a los principales puntos de la ciudad.<\/div>\t\t\t\t\t<\/div>\r\n\t\t\t\t<\/div>\r\n                \t\t\t\t\r\n\t\t\t<\/div>\r\n\t\t<\/div>\r\n\t<\/section>\r\n\t<!-- End Confidence Section -->\r\n    \r\n    \t\t\t\t<\/div>\n\t\t\t\t<\/div>\n\t\t\t\t\t<\/div>\n\t\t<\/div>\n\t\t\t\t\t<\/div>\n\t\t<\/section>\n\t\t\t\t<section class=\"elementor-section elementor-top-section elementor-element elementor-element-467acca elementor-section-full_width elementor-section-height-default elementor-section-height-default\" data-id=\"467acca\" data-element_type=\"section\">\n\t\t\t\t\t\t<div class=\"elementor-container elementor-column-gap-default\">\n\t\t\t\t\t<div class=\"elementor-column elementor-col-100 elementor-top-column elementor-element elementor-element-47232d8\" data-id=\"47232d8\" data-element_type=\"column\">\n\t\t\t<div class=\"elementor-widget-wrap elementor-element-populated\">\n\t\t\t\t\t\t<div class=\"elementor-element elementor-element-7a91d6d elementor-widget elementor-widget-oluro_hotel_features\" data-id=\"7a91d6d\" data-element_type=\"widget\" data-widget_type=\"oluro_hotel_features.default\">\n\t\t\t\t<div class=\"elementor-widget-container\">\n\t\t\t\t\t    \r\n    <!-- Collection Section -->\r\n    <section class=\"collection-section slogan-style2\">\r\n\t\t<div class=\"auto-container\">\r\n\t\t\t            <div class=\"sec-title\">\r\n                <div class=\"title banner-subtitle\">VIVE,SIENTE Y REL\u00c1JATE.<\/div>                <h2 class=\"banner-title\">Tu descanso comienza aqu\u00ed<\/h2>            <\/div>\r\n            \t\t\t<div class=\"row clearfix\">\r\n\t\t\t\t\r\n\t\t\t\t<!-- Content Column -->\r\n\t\t\t\t<div class=\"content-column col-lg-6 col-md-12 col-sm-12\">\r\n\t\t\t\t\t<div class=\"inner-column\">\r\n\t\t\t\t\t\t<h6 class=\"count-title\">Descripci\u00f3n general del hotel<\/h6>\t\t\t\t\t\t<p class=\"te-text\">te ofrecemos un hogar lejos de casa. Nuestro ambiente familiar y la atenci\u00f3n amable de nuestro personal hacen que cada estancia sea c\u00f3moda y agradable. Nuestras habitaciones est\u00e1n equipadas con cama doble, aire acondicionado, ba\u00f1o privado, televisor y cl\u00f3set, ideales para descansar despu\u00e9s de un d\u00eda de actividades.\n\n<\/p>\t\t\t\t\t\t<!-- Author Box -->\r\n\t\t\t\t\t\t<div class=\"author-box\">\r\n\t\t\t\t\t\t\t<div class=\"box-inner\">\r\n\t\t\t\t\t\t\t\t                                <div class=\"te-author\">\r\n\t\t\t\t\t\t\t\t\t\t\t\t\t\t\t\t\t<\/div>\r\n\t\t\t\t\t\t\t\t\t\t\t\t\t\t\t<\/div>\r\n\t\t\t\t\t\t<\/div>\r\n\t\t\t\t\t\t<h6 class=\"count-title\">Caracter\u00edsticas del Hotel<\/h6>\t\t\t\t\t\t\t\t\t\t\t\t<div class=\"te-list\">\r\n\t\t\t\t\t\t\t<ul class=\"check-list\">\r\n\t\t\t\t\t\t\t\t\t\t\t\t\t\t\t\t<li>Parqueadero gratuito para hu\u00e9spedes.<\/li>\r\n\t\t\t\t\t\t\t\t\t\t\t\t\t\t\t\t<li>Se aceptan ni\u00f1os con un cargo adicional.<\/li>\r\n\t\t\t\t\t\t\t\t\t\t\t\t\t\t\t\t<li>Servicio diario de limpieza.<\/li>\r\n\t\t\t\t\t\t\t\t\t\t\t\t\t\t\t\t<li>Wifi.<\/li>\r\n\t\t\t\t\t\t\t\t\t\t\t\t\t\t\t\t<li>Ambiente familiar que te har\u00e1 sentir como en casa.<\/li>\r\n\t\t\t\t\t\t\t\t\t\t\t\t\t\t\t\t<li>Atenci\u00f3n amable y personalizada para que tu estancia sea inolvidable.<\/li>\r\n\t\t\t\t\t\t\t\t\t\t\t\t\t\t\t<\/ul>\r\n\t\t\t\t\t\t<\/div>\r\n\t\t\t\t\t\t\t\t\t\t\t<\/div>\r\n\t\t\t\t<\/div>\r\n\t\t\t\t\r\n\t\t\t\t<!-- Location Column -->\r\n\t\t\t\t<div class=\"location-column col-lg-6 col-md-12 col-sm-12\">\r\n\t\t\t\t\t<div class=\"inner-column\">\r\n\t\t\t\t\t\t<h6 class=\"count-title\">ubicacion perfecta<\/h6>\t\t\t\t\t\t<div class=\"text te-counter\">Carrera 63 #39-96 barrio el Campestre, Barrancabermeja.<\/div>\t\t\t\t\t\t                        <!-- Map Box -->\r\n\t\t\t\t\t\t<div class=\"map-box\">\r\n\t\t\t\t\t\t\t<iframe\n  src=\"https:\/\/www.google.com\/maps\/embed?pb=!1m18!1m12!1m3!1d3976.563086237671!2d-73.85736772507784!3d7.061792992943309!2m3!1f0!2f0!3f0!3m2!1i1024!2i768!4f13.1!3m3!1m2!1s0x8e41a52b3e0a1bb5%3A0xe2b6dc3bbab2d74a!2sCra.%2063%20%2339-96%2C%20Barrancabermeja%2C%20Santander%2C%20Colombia!5e0!3m2!1ses-419!2sco!4v1730698450000!5m2!1ses-419!2sco\"\n  width=\"600\"\n  height=\"450\"\n  style=\"border:0;\"\n  allowfullscreen=\"\"\n  loading=\"lazy\"\n  referrerpolicy=\"no-referrer-when-downgrade\">\n<\/iframe>\n\t\t\t\t\t\t<\/div>\r\n\t\t\t\t\t\t                        \t\t\t\t\t\t\t\t\t\t\t\t\t\t\t\t\t\t\t\t\t\t\t<\/div>\r\n\t\t\t\t<\/div>\r\n\t\t\t\t\r\n\t\t\t<\/div>\r\n\t\t<\/div>\r\n\t<\/section>\r\n\t<!-- End Collection Section -->\r\n\t        \r\n    \t\t\t\t<\/div>\n\t\t\t\t<\/div>\n\t\t\t\t\t<\/div>\n\t\t<\/div>\n\t\t\t\t\t<\/div>\n\t\t<\/section>\n\t\t\t\t<\/div>\n\t\t","protected":false},"excerpt":{"rendered":"<p>Vive Una Experiencia Diferente Tu comodidad es nuestra prioridad Welcome, your next trip awaits. Book Now Luxury Hotel in Heart of Vienna Book Now Welcome, your next trip awaits. Book Now Rel\u00e1jate y d\u00e9jate envolver por el ambiente c\u00e1lido y familiar Tu Refugio Perfecto de Serenidad Mejor Precio Garantizado Reserva directo con nosotros y obt\u00e9n [&hellip;]<\/p>\n","protected":false},"author":1,"featured_media":0,"parent":0,"menu_order":0,"comment_status":"closed","ping_status":"closed","template":"tpl-default-elementor.php","meta":{"footnotes":""},"class_list":["post-1017","page","type-page","status-publish","hentry"],"_links":{"self":[{"href":"https:\/\/hotelcandilejassrenity.com\/index.php\/wp-json\/wp\/v2\/pages\/1017","targetHints":{"allow":["GET"]}}],"collection":[{"href":"https:\/\/hotelcandilejassrenity.com\/index.php\/wp-json\/wp\/v2\/pages"}],"about":[{"href":"https:\/\/hotelcandilejassrenity.com\/index.php\/wp-json\/wp\/v2\/types\/page"}],"author":[{"embeddable":true,"href":"https:\/\/hotelcandilejassrenity.com\/index.php\/wp-json\/wp\/v2\/users\/1"}],"replies":[{"embeddable":true,"href":"https:\/\/hotelcandilejassrenity.com\/index.php\/wp-json\/wp\/v2\/comments?post=1017"}],"version-history":[{"count":21,"href":"https:\/\/hotelcandilejassrenity.com\/index.php\/wp-json\/wp\/v2\/pages\/1017\/revisions"}],"predecessor-version":[{"id":1250,"href":"https:\/\/hotelcandilejassrenity.com\/index.php\/wp-json\/wp\/v2\/pages\/1017\/revisions\/1250"}],"wp:attachment":[{"href":"https:\/\/hotelcandilejassrenity.com\/index.php\/wp-json\/wp\/v2\/media?parent=1017"}],"curies":[{"name":"wp","href":"https:\/\/api.w.org\/{rel}","templated":true}]}}